{"id":2683,"date":"2017-12-05T09:34:09","date_gmt":"2017-12-05T08:34:09","guid":{"rendered":"https:\/\/www.stam.it\/linee-di-taglio\/linee-taglio-longitudinale\/"},"modified":"2025-03-20T15:32:04","modified_gmt":"2025-03-20T14:32:04","slug":"laengsteilanlagen","status":"publish","type":"page","link":"https:\/\/www.stam.it\/de\/schneidanlagen\/laengsteilanlagen\/","title":{"rendered":"L\u00e4ngsteilanlagen"},"content":{"rendered":"<p>Wir liefern L\u00e4ngsteilanlagen, die in der Lage sind, die Anforderungen der unterschiedlichsten Kunden zu erf\u00fcllen<\/p>\n","protected":false},"excerpt":{"rendered":"<p>Wir liefern L\u00e4ngsteilanlagen, die in der Lage sind, die Anforderungen der unterschiedlichsten Kunden zu erf\u00fcllen<\/p>\n","protected":false},"author":1,"featured_media":1851,"parent":2677,"menu_order":0,"comment_status":"closed","ping_status":"closed","template":"cutting-line.php","meta":{"_acf_changed":false,"footnotes":""},"tags":[],"class_list":["post-2683","page","type-page","status-publish","has-post-thumbnail","hentry"],"acf":[],"_links":{"self":[{"href":"https:\/\/www.stam.it\/de\/wp-json\/wp\/v2\/pages\/2683","targetHints":{"allow":["GET"]}}],"collection":[{"href":"https:\/\/www.stam.it\/de\/wp-json\/wp\/v2\/pages"}],"about":[{"href":"https:\/\/www.stam.it\/de\/wp-json\/wp\/v2\/types\/page"}],"author":[{"embeddable":true,"href":"https:\/\/www.stam.it\/de\/wp-json\/wp\/v2\/users\/1"}],"replies":[{"embeddable":true,"href":"https:\/\/www.stam.it\/de\/wp-json\/wp\/v2\/comments?post=2683"}],"version-history":[{"count":6,"href":"https:\/\/www.stam.it\/de\/wp-json\/wp\/v2\/pages\/2683\/revisions"}],"predecessor-version":[{"id":14055,"href":"https:\/\/www.stam.it\/de\/wp-json\/wp\/v2\/pages\/2683\/revisions\/14055"}],"up":[{"embeddable":true,"href":"https:\/\/www.stam.it\/de\/wp-json\/wp\/v2\/pages\/2677"}],"wp:featuredmedia":[{"embeddable":true,"href":"https:\/\/www.stam.it\/de\/wp-json\/wp\/v2\/media\/1851"}],"wp:attachment":[{"href":"https:\/\/www.stam.it\/de\/wp-json\/wp\/v2\/media?parent=2683"}],"wp:term":[{"taxonomy":"post_tag","embeddable":true,"href":"https:\/\/www.stam.it\/de\/wp-json\/wp\/v2\/tags?post=2683"}],"curies":[{"name":"wp","href":"https:\/\/api.w.org\/{rel}","templated":true}]}}