{"id":2689,"date":"2017-12-05T09:37:35","date_gmt":"2017-12-05T08:37:35","guid":{"rendered":"https:\/\/www.stam.it\/linee-di-taglio\/linee-taglio-longitudinale\/linee-taglio-longitudinale-spessore-sottile\/"},"modified":"2023-11-10T13:47:16","modified_gmt":"2023-11-10T12:47:16","slug":"linee-taglio-longitudinale-spessore-sottile","status":"publish","type":"page","link":"https:\/\/www.stam.it\/de\/langsteilanlagen-fur-dunne-bander\/","title":{"rendered":"L\u00e4ngsteilanlagen f\u00fcr d\u00fcnne B\u00e4nder"},"content":{"rendered":"<p>Forniamo linee di spianatura e linee di taglio trasversale, in grado di soddisfare le esigenze di diverse tipologie di clienti.<\/p>\n","protected":false},"excerpt":{"rendered":"<p>Forniamo linee di spianatura e linee di taglio trasversale, in grado di soddisfare le esigenze di diverse tipologie di clienti.<\/p>\n","protected":false},"author":1,"featured_media":1883,"parent":2683,"menu_order":1,"comment_status":"closed","ping_status":"closed","template":"product_cut.php","meta":{"_acf_changed":false,"footnotes":""},"tags":[],"class_list":["post-2689","page","type-page","status-publish","has-post-thumbnail","hentry"],"acf":[],"_links":{"self":[{"href":"https:\/\/www.stam.it\/de\/wp-json\/wp\/v2\/pages\/2689","targetHints":{"allow":["GET"]}}],"collection":[{"href":"https:\/\/www.stam.it\/de\/wp-json\/wp\/v2\/pages"}],"about":[{"href":"https:\/\/www.stam.it\/de\/wp-json\/wp\/v2\/types\/page"}],"author":[{"embeddable":true,"href":"https:\/\/www.stam.it\/de\/wp-json\/wp\/v2\/users\/1"}],"replies":[{"embeddable":true,"href":"https:\/\/www.stam.it\/de\/wp-json\/wp\/v2\/comments?post=2689"}],"version-history":[{"count":5,"href":"https:\/\/www.stam.it\/de\/wp-json\/wp\/v2\/pages\/2689\/revisions"}],"predecessor-version":[{"id":10221,"href":"https:\/\/www.stam.it\/de\/wp-json\/wp\/v2\/pages\/2689\/revisions\/10221"}],"up":[{"embeddable":true,"href":"https:\/\/www.stam.it\/de\/wp-json\/wp\/v2\/pages\/2683"}],"wp:featuredmedia":[{"embeddable":true,"href":"https:\/\/www.stam.it\/de\/wp-json\/wp\/v2\/media\/1883"}],"wp:attachment":[{"href":"https:\/\/www.stam.it\/de\/wp-json\/wp\/v2\/media?parent=2689"}],"wp:term":[{"taxonomy":"post_tag","embeddable":true,"href":"https:\/\/www.stam.it\/de\/wp-json\/wp\/v2\/tags?post=2689"}],"curies":[{"name":"wp","href":"https:\/\/api.w.org\/{rel}","templated":true}]}}