{"id":2345,"date":"2018-05-09T10:07:45","date_gmt":"2018-05-09T08:07:45","guid":{"rendered":"https:\/\/www.stam.it\/errore-404\/"},"modified":"2019-10-22T11:36:35","modified_gmt":"2019-10-22T09:36:35","slug":"errore-404","status":"publish","type":"page","link":"https:\/\/www.stam.it\/es\/errore-404\/","title":{"rendered":"La p\u00e1gina que buscaba no est\u00e1 disponible"},"content":{"rendered":"<p>Se ha producido un error, compruebe el URL que ha introducido o la p\u00e1gina no existe.<\/p>\n<p>Le invitamos a hojear nuestro cat\u00e1logo de l\u00edneas de productos:<\/p>\n<p><a href=\"https:\/\/www.stam.it\/es\/lineas-perfilado\/\">L\u00edneas de Perfilado<\/a><\/p>\n<p><a href=\"https:\/\/www.stam.it\/es\/lineas-de-corte\/\">L\u00edneas de Corte<\/a><\/p>\n<p>O descubra m\u00e1s sobre <a href=\"\/?page_id=2334\">STAM<\/a> y nuestra <a href=\"https:\/\/www.stam.it\/es\/equipo-comercial\/\">red de ventas<\/a>.<\/p>\n<p>Si desea informaci\u00f3n espec\u00edfica, escr\u00edbanos o rellene el formulario de la p\u00e1gina Contacto.<\/p>\n<p>&nbsp;<\/p>\n<p>&nbsp;<\/p>\n","protected":false},"excerpt":{"rendered":"<p>Se ha producido un error, compruebe el URL que ha introducido o la p\u00e1gina no existe. Le invitamos a hojear nuestro cat\u00e1logo de l\u00edneas de productos: L\u00edneas de Perfilado L\u00edneas de Corte O descubra m\u00e1s sobre STAM y nuestra red de ventas. Si desea informaci\u00f3n espec\u00edfica, escr\u00edbanos o rellene el formulario de la p\u00e1gina Contacto. [&hellip;]<\/p>\n","protected":false},"author":1,"featured_media":0,"parent":0,"menu_order":0,"comment_status":"closed","ping_status":"closed","template":"","meta":{"_acf_changed":false,"footnotes":""},"tags":[],"class_list":["post-2345","page","type-page","status-publish","hentry"],"acf":[],"_links":{"self":[{"href":"https:\/\/www.stam.it\/es\/wp-json\/wp\/v2\/pages\/2345","targetHints":{"allow":["GET"]}}],"collection":[{"href":"https:\/\/www.stam.it\/es\/wp-json\/wp\/v2\/pages"}],"about":[{"href":"https:\/\/www.stam.it\/es\/wp-json\/wp\/v2\/types\/page"}],"author":[{"embeddable":true,"href":"https:\/\/www.stam.it\/es\/wp-json\/wp\/v2\/users\/1"}],"replies":[{"embeddable":true,"href":"https:\/\/www.stam.it\/es\/wp-json\/wp\/v2\/comments?post=2345"}],"version-history":[{"count":5,"href":"https:\/\/www.stam.it\/es\/wp-json\/wp\/v2\/pages\/2345\/revisions"}],"predecessor-version":[{"id":5461,"href":"https:\/\/www.stam.it\/es\/wp-json\/wp\/v2\/pages\/2345\/revisions\/5461"}],"wp:attachment":[{"href":"https:\/\/www.stam.it\/es\/wp-json\/wp\/v2\/media?parent=2345"}],"wp:term":[{"taxonomy":"post_tag","embeddable":true,"href":"https:\/\/www.stam.it\/es\/wp-json\/wp\/v2\/tags?post=2345"}],"curies":[{"name":"wp","href":"https:\/\/api.w.org\/{rel}","templated":true}]}}