{"id":2482,"date":"2017-11-03T16:26:32","date_gmt":"2017-11-03T15:26:32","guid":{"rendered":"https:\/\/www.stam.it\/linee-profilatura\/infrastrutture\/linee-produzione-paletti-recinzioni-vigne\/"},"modified":"2023-06-08T15:14:43","modified_gmt":"2023-06-08T13:14:43","slug":"lineas-de-produccion-para-postes-para-vallas-y-vinas","status":"publish","type":"page","link":"https:\/\/www.stam.it\/es\/lineas-de-produccion-para-postes-para-vallas-y-vinas\/","title":{"rendered":"L\u00edneas de producci\u00f3n para postes para vallas y vi\u00f1as"},"content":{"rendered":"","protected":false},"excerpt":{"rendered":"","protected":false},"author":1,"featured_media":1566,"parent":2452,"menu_order":50,"comment_status":"closed","ping_status":"closed","template":"product_rail.php","meta":{"_acf_changed":false,"footnotes":""},"tags":[],"class_list":["post-2482","page","type-page","status-publish","has-post-thumbnail","hentry"],"acf":[],"_links":{"self":[{"href":"https:\/\/www.stam.it\/es\/wp-json\/wp\/v2\/pages\/2482","targetHints":{"allow":["GET"]}}],"collection":[{"href":"https:\/\/www.stam.it\/es\/wp-json\/wp\/v2\/pages"}],"about":[{"href":"https:\/\/www.stam.it\/es\/wp-json\/wp\/v2\/types\/page"}],"author":[{"embeddable":true,"href":"https:\/\/www.stam.it\/es\/wp-json\/wp\/v2\/users\/1"}],"replies":[{"embeddable":true,"href":"https:\/\/www.stam.it\/es\/wp-json\/wp\/v2\/comments?post=2482"}],"version-history":[{"count":2,"href":"https:\/\/www.stam.it\/es\/wp-json\/wp\/v2\/pages\/2482\/revisions"}],"predecessor-version":[{"id":4610,"href":"https:\/\/www.stam.it\/es\/wp-json\/wp\/v2\/pages\/2482\/revisions\/4610"}],"up":[{"embeddable":true,"href":"https:\/\/www.stam.it\/es\/wp-json\/wp\/v2\/pages\/2452"}],"wp:featuredmedia":[{"embeddable":true,"href":"https:\/\/www.stam.it\/es\/wp-json\/wp\/v2\/media\/1566"}],"wp:attachment":[{"href":"https:\/\/www.stam.it\/es\/wp-json\/wp\/v2\/media?parent=2482"}],"wp:term":[{"taxonomy":"post_tag","embeddable":true,"href":"https:\/\/www.stam.it\/es\/wp-json\/wp\/v2\/tags?post=2482"}],"curies":[{"name":"wp","href":"https:\/\/api.w.org\/{rel}","templated":true}]}}