{"id":2506,"date":"2017-11-03T12:53:46","date_gmt":"2017-11-03T11:53:46","guid":{"rendered":"https:\/\/www.stam.it\/linee-profilatura\/logistica\/linee-produzione-ripiani-metallici\/"},"modified":"2023-06-08T15:21:50","modified_gmt":"2023-06-08T13:21:50","slug":"lineas-de-produccion-para-estanterias-metalicas","status":"publish","type":"page","link":"https:\/\/www.stam.it\/es\/lineas-de-produccion-para-estanterias-metalicas\/","title":{"rendered":"L\u00edneas de producci\u00f3n para estanterias met\u00e1licas"},"content":{"rendered":"","protected":false},"excerpt":{"rendered":"","protected":false},"author":1,"featured_media":7195,"parent":2488,"menu_order":30,"comment_status":"closed","ping_status":"closed","template":"product_rail.php","meta":{"_acf_changed":false,"footnotes":""},"tags":[],"class_list":["post-2506","page","type-page","status-publish","has-post-thumbnail","hentry"],"acf":[],"_links":{"self":[{"href":"https:\/\/www.stam.it\/es\/wp-json\/wp\/v2\/pages\/2506","targetHints":{"allow":["GET"]}}],"collection":[{"href":"https:\/\/www.stam.it\/es\/wp-json\/wp\/v2\/pages"}],"about":[{"href":"https:\/\/www.stam.it\/es\/wp-json\/wp\/v2\/types\/page"}],"author":[{"embeddable":true,"href":"https:\/\/www.stam.it\/es\/wp-json\/wp\/v2\/users\/1"}],"replies":[{"embeddable":true,"href":"https:\/\/www.stam.it\/es\/wp-json\/wp\/v2\/comments?post=2506"}],"version-history":[{"count":3,"href":"https:\/\/www.stam.it\/es\/wp-json\/wp\/v2\/pages\/2506\/revisions"}],"predecessor-version":[{"id":4615,"href":"https:\/\/www.stam.it\/es\/wp-json\/wp\/v2\/pages\/2506\/revisions\/4615"}],"up":[{"embeddable":true,"href":"https:\/\/www.stam.it\/es\/wp-json\/wp\/v2\/pages\/2488"}],"wp:featuredmedia":[{"embeddable":true,"href":"https:\/\/www.stam.it\/es\/wp-json\/wp\/v2\/media\/7195"}],"wp:attachment":[{"href":"https:\/\/www.stam.it\/es\/wp-json\/wp\/v2\/media?parent=2506"}],"wp:term":[{"taxonomy":"post_tag","embeddable":true,"href":"https:\/\/www.stam.it\/es\/wp-json\/wp\/v2\/tags?post=2506"}],"curies":[{"name":"wp","href":"https:\/\/api.w.org\/{rel}","templated":true}]}}