{"id":2512,"date":"2017-11-03T12:55:45","date_gmt":"2017-11-03T11:55:45","guid":{"rendered":"https:\/\/www.stam.it\/linee-profilatura\/logistica\/linee-produzione-pannelli-armadi-metallici\/"},"modified":"2023-06-08T15:23:06","modified_gmt":"2023-06-08T13:23:06","slug":"lineas-de-produccion-para-armarios-y-muebles-metalicos","status":"publish","type":"page","link":"https:\/\/www.stam.it\/es\/lineas-de-produccion-para-armarios-y-muebles-metalicos\/","title":{"rendered":"L\u00edneas de producci\u00f3n para armarios y muebles met\u00e1licos"},"content":{"rendered":"","protected":false},"excerpt":{"rendered":"","protected":false},"author":1,"featured_media":8798,"parent":2488,"menu_order":40,"comment_status":"closed","ping_status":"closed","template":"product_rail.php","meta":{"_acf_changed":false,"footnotes":""},"tags":[],"class_list":["post-2512","page","type-page","status-publish","has-post-thumbnail","hentry"],"acf":[],"_links":{"self":[{"href":"https:\/\/www.stam.it\/es\/wp-json\/wp\/v2\/pages\/2512","targetHints":{"allow":["GET"]}}],"collection":[{"href":"https:\/\/www.stam.it\/es\/wp-json\/wp\/v2\/pages"}],"about":[{"href":"https:\/\/www.stam.it\/es\/wp-json\/wp\/v2\/types\/page"}],"author":[{"embeddable":true,"href":"https:\/\/www.stam.it\/es\/wp-json\/wp\/v2\/users\/1"}],"replies":[{"embeddable":true,"href":"https:\/\/www.stam.it\/es\/wp-json\/wp\/v2\/comments?post=2512"}],"version-history":[{"count":3,"href":"https:\/\/www.stam.it\/es\/wp-json\/wp\/v2\/pages\/2512\/revisions"}],"predecessor-version":[{"id":4616,"href":"https:\/\/www.stam.it\/es\/wp-json\/wp\/v2\/pages\/2512\/revisions\/4616"}],"up":[{"embeddable":true,"href":"https:\/\/www.stam.it\/es\/wp-json\/wp\/v2\/pages\/2488"}],"wp:featuredmedia":[{"embeddable":true,"href":"https:\/\/www.stam.it\/es\/wp-json\/wp\/v2\/media\/8798"}],"wp:attachment":[{"href":"https:\/\/www.stam.it\/es\/wp-json\/wp\/v2\/media?parent=2512"}],"wp:term":[{"taxonomy":"post_tag","embeddable":true,"href":"https:\/\/www.stam.it\/es\/wp-json\/wp\/v2\/tags?post=2512"}],"curies":[{"name":"wp","href":"https:\/\/api.w.org\/{rel}","templated":true}]}}