{"id":2716,"date":"2017-10-12T14:31:10","date_gmt":"2017-10-12T12:31:10","guid":{"rendered":"https:\/\/www.stam.it\/linee-di-taglio\/linee-taglio-trasversale\/"},"modified":"2025-01-16T16:06:10","modified_gmt":"2025-01-16T15:06:10","slug":"lineas-de-corte-transversal","status":"publish","type":"page","link":"https:\/\/www.stam.it\/es\/lineas-de-corte\/lineas-de-corte-transversal\/","title":{"rendered":"L\u00edneas de corte transversal"},"content":{"rendered":"<p>Proporcionamos l\u00edneas de aplanamiento y l\u00edneas de corte en l\u00e1minas, capaces de satisfacer las necesidades de diferentes tipos de clientes<\/p>\n","protected":false},"excerpt":{"rendered":"<p>Proporcionamos l\u00edneas de aplanamiento y l\u00edneas de corte en l\u00e1minas, capaces de satisfacer las necesidades de diferentes tipos de clientes<\/p>\n","protected":false},"author":1,"featured_media":8588,"parent":2680,"menu_order":0,"comment_status":"closed","ping_status":"closed","template":"cutting-line.php","meta":{"_acf_changed":false,"footnotes":""},"tags":[],"class_list":["post-2716","page","type-page","status-publish","has-post-thumbnail","hentry"],"acf":[],"_links":{"self":[{"href":"https:\/\/www.stam.it\/es\/wp-json\/wp\/v2\/pages\/2716","targetHints":{"allow":["GET"]}}],"collection":[{"href":"https:\/\/www.stam.it\/es\/wp-json\/wp\/v2\/pages"}],"about":[{"href":"https:\/\/www.stam.it\/es\/wp-json\/wp\/v2\/types\/page"}],"author":[{"embeddable":true,"href":"https:\/\/www.stam.it\/es\/wp-json\/wp\/v2\/users\/1"}],"replies":[{"embeddable":true,"href":"https:\/\/www.stam.it\/es\/wp-json\/wp\/v2\/comments?post=2716"}],"version-history":[{"count":5,"href":"https:\/\/www.stam.it\/es\/wp-json\/wp\/v2\/pages\/2716\/revisions"}],"predecessor-version":[{"id":13507,"href":"https:\/\/www.stam.it\/es\/wp-json\/wp\/v2\/pages\/2716\/revisions\/13507"}],"up":[{"embeddable":true,"href":"https:\/\/www.stam.it\/es\/wp-json\/wp\/v2\/pages\/2680"}],"wp:featuredmedia":[{"embeddable":true,"href":"https:\/\/www.stam.it\/es\/wp-json\/wp\/v2\/media\/8588"}],"wp:attachment":[{"href":"https:\/\/www.stam.it\/es\/wp-json\/wp\/v2\/media?parent=2716"}],"wp:term":[{"taxonomy":"post_tag","embeddable":true,"href":"https:\/\/www.stam.it\/es\/wp-json\/wp\/v2\/tags?post=2716"}],"curies":[{"name":"wp","href":"https:\/\/api.w.org\/{rel}","templated":true}]}}