{"id":2341,"date":"2018-05-09T10:07:45","date_gmt":"2018-05-09T08:07:45","guid":{"rendered":"https:\/\/www.stam.it\/errore-404\/"},"modified":"2018-06-04T14:45:05","modified_gmt":"2018-06-04T12:45:05","slug":"errore-404","status":"publish","type":"page","link":"https:\/\/www.stam.it\/fr\/errore-404\/","title":{"rendered":"La page recherch\u00e9s n&rsquo;est pas disponible"},"content":{"rendered":"<p>Une erreur est survenue, v\u00e9rifiez l\u2019URL ins\u00e9r\u00e9e ou la page n\u2019existe pas.<\/p>\n<p>Nous vous invitons \u00e0 feuilleter notre catalogue de lignes de produit:<\/p>\n<p><a href=\"https:\/\/www.stam.it\/fr\/lignes-de-profilage\/\">Lignes de Profilage<\/a><\/p>\n<p><a href=\"https:\/\/www.stam.it\/fr\/lignes-de-coupe\/\">Lignes de Coupe<\/a><\/p>\n<p>Ou bien d\u00e9couvrez-en plus sur <a href=\"https:\/\/www.stam.it\/fr\/societe\/\">STAM<\/a> et sur notre r\u00e9seau de vente.<\/p>\n<p>En revanche, si vous souhaitez obtenir des informations sp\u00e9cifiques, n\u2019h\u00e9sitez pas \u00e0 nous \u00e9crire ou \u00e0 remplir le formulaire \u00e0 la page <a href=\"https:\/\/www.stam.it\/fr\/contacts\/\">Contacts<\/a><\/p>\n<p>&nbsp;<\/p>\n<p>&nbsp;<\/p>\n","protected":false},"excerpt":{"rendered":"<p>Une erreur est survenue, v\u00e9rifiez l\u2019URL ins\u00e9r\u00e9e ou la page n\u2019existe pas. Nous vous invitons \u00e0 feuilleter notre catalogue de lignes de produit: Lignes de Profilage Lignes de Coupe Ou bien d\u00e9couvrez-en plus sur STAM et sur notre r\u00e9seau de vente. En revanche, si vous souhaitez obtenir des informations sp\u00e9cifiques, n\u2019h\u00e9sitez pas \u00e0 nous \u00e9crire [&hellip;]<\/p>\n","protected":false},"author":1,"featured_media":0,"parent":0,"menu_order":0,"comment_status":"closed","ping_status":"closed","template":"","meta":{"_acf_changed":false,"footnotes":""},"tags":[],"class_list":["post-2341","page","type-page","status-publish","hentry"],"acf":[],"_links":{"self":[{"href":"https:\/\/www.stam.it\/fr\/wp-json\/wp\/v2\/pages\/2341","targetHints":{"allow":["GET"]}}],"collection":[{"href":"https:\/\/www.stam.it\/fr\/wp-json\/wp\/v2\/pages"}],"about":[{"href":"https:\/\/www.stam.it\/fr\/wp-json\/wp\/v2\/types\/page"}],"author":[{"embeddable":true,"href":"https:\/\/www.stam.it\/fr\/wp-json\/wp\/v2\/users\/1"}],"replies":[{"embeddable":true,"href":"https:\/\/www.stam.it\/fr\/wp-json\/wp\/v2\/comments?post=2341"}],"version-history":[{"count":5,"href":"https:\/\/www.stam.it\/fr\/wp-json\/wp\/v2\/pages\/2341\/revisions"}],"predecessor-version":[{"id":4700,"href":"https:\/\/www.stam.it\/fr\/wp-json\/wp\/v2\/pages\/2341\/revisions\/4700"}],"wp:attachment":[{"href":"https:\/\/www.stam.it\/fr\/wp-json\/wp\/v2\/media?parent=2341"}],"wp:term":[{"taxonomy":"post_tag","embeddable":true,"href":"https:\/\/www.stam.it\/fr\/wp-json\/wp\/v2\/tags?post=2341"}],"curies":[{"name":"wp","href":"https:\/\/api.w.org\/{rel}","templated":true}]}}