{"id":12793,"date":"2017-10-13T09:33:20","date_gmt":"2017-10-13T07:33:20","guid":{"rendered":"https:\/\/www.stam.it\/privacy-policy\/"},"modified":"2017-10-13T09:33:20","modified_gmt":"2017-10-13T07:33:20","slug":"privacy-policy","status":"publish","type":"page","link":"https:\/\/www.stam.it\/pl\/privacy-policy\/","title":{"rendered":"Privacy Policy"},"content":{"rendered":"<p>&nbsp;<\/p>\n<p>Gentile Visitatore, a seguito della consultazione di questo sito web possono essere trattati dati relativi a persone fisiche identificate o identificabili.<\/p>\n<p>In riferimento a tale trattamento di dati si rendono, anche ai sensi dell&#8217;art. 13 del Regolamento generale europeo sulla protezione dei dati (Regolamento UE 2016\/679), le seguenti informazioni, la cui validit\u00e0 non \u00e8 estesa per eventuali altri siti web esterni consultati dall&#8217;utente tramite link presenti su questo sito.<\/p>\n<p>Con la prosecuzione della navigazione, e con l\u2019adesione alle proposte di servizio contenute nelle varie parti del sito (compilazione di form per richiedere informazioni, richieste di contatto e offerta), si danno per acquisite queste informazioni generali sul trattamento, nonch\u00e9 le eventuali specifiche informazioni legate a trattamenti per finalit\u00e0 diverse e specifiche, e l\u2019utente esplicita il relativo consenso ai trattamenti. Si sottolinea che il consenso \u00e8 valido unicamente se proviene da persona maggiorenne o da minore che abbia compiuto i 14 anni (art. 8, commi 1 e 2 del GDPR).<\/p>\n<p><strong>TITOLARE DEL TRATTAMENTO<\/strong><br \/>\nSTAM Spa \u2013 PI e CF 04412800262, con sede in Ponzano Veneto (Italia), via Piave 6.<\/p>\n<p><strong>TIPI DI DATI TRATTATI<\/strong><\/p>\n<p><strong>Dati di navigazione<\/strong><br \/>\nI sistemi informatici e le procedure software preposte al funzionamento di questo sito web acquisiscono, nel corso del loro normale esercizio, alcuni dati personali la cui trasmissione \u00e8 implicita nell&#8217;uso dei protocolli di comunicazione di Internet.<\/p>\n<p>Si tratta di informazioni che non sono raccolte per essere associate a interessati identificati, ma che per loro stessa natura potrebbero, attraverso elaborazioni ed associazioni con dati detenuti da terzi, permettere di identificare gli utenti.<\/p>\n<p>In questa categoria di dati rientrano, ad esempio, gli indirizzi IP o i nomi a dominio dei computer o degli altri strumenti utilizzati dagli utenti che si connettono al sito, gli indirizzi in notazione URI (Uniform Resource Identifier) delle risorse richieste, l&#8217;orario della richiesta, il metodo utilizzato nel sottoporre la richiesta al server, la dimensione del file ottenuto in risposta, il codice numerico indicante lo stato della risposta data dal server (buon fine, errore, ecc.) ed altri parametri relativi al sistema operativo e all&#8217;ambiente informatico dell&#8217;utente.<\/p>\n<p>Questi dati vengono utilizzati al solo fine di ricavare informazioni statistiche anonime sull&#8217;uso del sito e per controllarne il corretto funzionamento e vengono cancellati immediatamente dopo l&#8217;elaborazione.<\/p>\n<p><strong>Dati forniti volontariamente dall&#8217;utente<\/strong><br \/>\nL&#8217;invio facoltativo, esplicito e volontario di posta elettronica agli indirizzi indicati su questo sito comporta la successiva acquisizione dell&#8217;indirizzo del mittente, necessario per rispondere alle richieste, nonch\u00e9 degli eventuali altri dati personali inseriti nella missiva. Specifiche informative di sintesi vengono inoltre riportate o visualizzate nelle sezioni del sito predisposte per particolari servizi a richiesta e sottoposte, se del caso, al consenso dell\u2019interessato (ad esempio per una possibile iscrizione alla newsletter).<\/p>\n<p><strong>FINALITA\u2019 DEL TRATTAMENTO E FACOLTATIVIT\u00c0 DEL CONFERIMENTO DEI DATI<\/strong><br \/>\nA parte quanto specificato per i dati di navigazione e per i cookies tecnici, l&#8217;utente \u00e8 libero di fornire i propri dati personali attraverso l\u2019utilizzo di appositi form o moduli presenti nel sito per richiedere l&#8217;invio della newsletter, di materiale informativo o di altre comunicazioni e, pi\u00f9 in generale, per le finalit\u00e0 riportate nelle relative e specifiche informative. Il loro mancato conferimento pu\u00f2 comportare l&#8217;impossibilit\u00e0 di ottenere quanto richiesto.<\/p>\n<p><strong>MODALIT\u00c0 DEL TRATTAMENTO<\/strong><br \/>\nLa nostra Societ\u00e0, quale titolare del trattamento, e ciascuno degli eventuali Responsabili esterni come sopra identificati, gestir\u00e0 ed archivier\u00e0 con strumenti automatizzati e\/o cartacei i dati personali raccolti attraverso l\u2019utilizzo del sito e delle sue diverse funzionalit\u00e0 attivabili a richiesta dell\u2019utente, per il tempo strettamente necessario a conseguire gli scopi per cui sono stati raccolti o volontariamente comunicati dall\u2019utente.<\/p>\n<p>Specifiche misure di sicurezza, come prevede l\u2019art. 32 del Regolamento (UE) 2016\/679, sono osservate per prevenire la perdita dei dati, usi illeciti o non corretti ed accessi non autorizzati.<\/p>\n<p>I dati vengono gestiti solo da personale autorizzato dal titolare del trattamento.<\/p>\n<p>Alcuni dati (richiesta di informazioni commerciali) potranno essere trasferiti alla societ\u00e0 controllata STAM do Brasil.<\/p>\n<p><strong>DIRITTI DEGLI INTERESSATI<\/strong><br \/>\nAi soggetti cui si riferiscono i dati personali trattati sono garantiti tutti i diritti di cui agli articoli 15, 16, 17, 18 del Regolamento 679 (accesso con conferma dell&#8217;esistenza o meno del trattamento dei propri dati; rettifica, cancellazione e limitazione del trattamento quando ne ricorrano i casi).<\/p>\n<p>L\u2019utente interessato ha il diritto di opporsi in ogni caso, per motivi legittimi, al loro trattamento.<\/p>\n<p>Le richieste vanno rivolte:<\/p>\n<p>&#8211; via e-mail, all&#8217;indirizzo: stam@stam.it &#8211; oppure via posta, a: STAM Spa \u2013 Via Piave 6 -31050 Ponzano Veneto<\/p>\n<p>&nbsp;<\/p>\n<hr \/>\n<p>&nbsp;<\/p>\n<p><strong>MODELLO DI CONSENSO INFORMATO DEL SITO www.stam.it<\/strong><\/p>\n<p>Conformemente a quanto previsto dall\u2019art. 13 del Regolamento (UE) 2016\/679, la nostra Societ\u00e0 STAM spa \u2013 Via Piave 6 \u2013 Ponzano Veneto, Titolare del trattamento, informa che il trattamento dei dati personali, compreso l\u2019indirizzo di posta elettronica, altri indirizzi o identificativi personali forniti mediante la compilazione dei moduli presenti nel proprio sito internet, verr\u00e0 effettuato per le finalit\u00e0 ed alle condizioni di seguito previste.<\/p>\n<p><strong>Natura dei dati trattati e finalit\u00e0 del trattamento<\/strong><\/p>\n<p>La nostra Societ\u00e0 STAM Spa \u2013 Via Piave 6 -31050 Ponzano Veneto acquisir\u00e0 e tratter\u00e0 unicamente dati anagrafici ed eventualmente fiscali; in nessun caso tratter\u00e0 dati definibili, ai sensi dell\u2019art. 9 del Regolamento 679, come \u201cparticolari\u201d.<\/p>\n<p>I dati personali forniti a STAM Spa \u2013 Via Piave 6 -31050 Ponzano Veneto verranno da questa trattati per:<\/p>\n<p>a) dar seguito alle specifiche richieste comunicate a STAM Spa in Via Piave 6, Ponzano Veneto-Treviso, per il tramite del suo sito internet;<\/p>\n<p>b) l\u2019iscrizione alla newsletter ed il conseguente ricevimento di comunicazioni informative varie concernenti il settore nel quale opera STAM Spa;<\/p>\n<p>c) per comunicazioni di natura commerciale, pubblicitaria ed illustrativa dei prodotti e servizi della stessa societ\u00e0.<\/p>\n<p><strong>Necessit\u00e0 del conferimento dei dati<\/strong><\/p>\n<p>Il conferimento dei dati \u00e8 necessario per poterci consentire di dare esecuzione alle richieste dell\u2019utente. Esso \u00e8, invece, facoltativo per le attivit\u00e0 promozionali e di marketing di cui alle lettere b) e c). L\u2019eventuale rifiuto a fornire, in tutto o in parte, i dati personali in oggetto potrebbe comportare l\u2019impossibilit\u00e0 di dare seguito alla richiesta dell\u2019interessato, ed impedirebbe, comunque, lo svolgimento delle attivit\u00e0 promozionali e di marketing.<\/p>\n<p><strong>Modalit\u00e0 del trattamento dei dati<\/strong><\/p>\n<p>I dati sono organizzati in archivi cartacei ed in banche dati elettroniche; il trattamento degli stessi avviene mediante l\u2019utilizzo di strumenti manuali, informatici, telematici e procedure idonee a garantirne la sicurezza e la riservatezza, nel rispetto comunque delle misure di sicurezza ritenute adeguate in forza dei principi del GDPR (art. 32).<\/p>\n<p><strong>Ambito di conoscenza dei dati<\/strong><\/p>\n<p>I dati possono essere conosciuti dal personale di STAM Spa ed in particolare, verr\u00e0 a conoscenza dei dati il personale addetto alla Direzione.<\/p>\n<p><strong>Comunicazione e diffusione dei dati<\/strong><\/p>\n<p>I dati potranno essere comunicati da STAM Spa a soggetti esterni, fra i quali:<\/p>\n<p>istituti bancari, in particolare per la gestione dei pagamenti;<br \/>\nspedizionieri, servizi traco e di consegna porta a porta (runners o raiders) e poste per l\u2019invio o il ricevimento di merci;<br \/>\nprofessionisti vari, fra cui professionisti di studi legali, per la tutela dei diritti nascenti dai rapporti contratti;<br \/>\nsociet\u00e0 esterne di gestione del marketing, incaricate dalla societ\u00e0.<br \/>\nIn nessun caso i dati saranno oggetto di diffusione.<\/p>\n<p><strong>Titolare del trattamento e responsabile<\/strong><\/p>\n<p>Titolare del trattamento \u00e8 STAM Spa \u2013 Via Piave 6 &#8211; 31050 Ponzano Veneto \u2013 PI e CF 04412800262<\/p>\n<p><strong>Esercizio dei diritti di cui agli artt. 15-21 del Regolamento 679.<\/strong><\/p>\n<p>In ogni momento, potrete esercitare i diritti in capo all\u2019interessato previsti dal GDPR, facendo richiesta a STAM Spa (all\u2019indirizzo sopra riportato) oppure anche inviando una e-mail a: stam@stam.it<\/p>\n<p>&nbsp;<\/p>\n<hr \/>\n<p>&nbsp;<\/p>\n<p><strong>MODELLO DI INFORMATIVA \u201cESTESA\u201d SULL\u2019UTILIZZO DEI COOKIES DEL SITO www.stam.it<\/strong><\/p>\n<p><strong>Cosa sono i cookie<\/strong><\/p>\n<p>Il sito web della impresa STAM Spa (www.stam.it) utilizza i cookie per rendere i propri servizi semplici e efficienti per l\u2019utenza che ne visiona le pagine. Gli utenti che accedono al Sito, vedranno inserite delle quantit\u00e0 minime di informazioni nei dispositivi in uso, che siano computer o periferiche mobili, in piccoli file di testo denominati \u201ccookie\u201d salvati nelle directory utilizzate dal browser web dell\u2019utente. Vi sono vari tipi di cookie, alcuni per rendere pi\u00f9 efficace l\u2019uso del Sito, altri per abilitare determinate funzionalit\u00e0.<\/p>\n<p><strong>Cookie del gestore del Sito<\/strong><\/p>\n<p><strong>Cookie tecnici<\/strong><\/p>\n<p>Il Sito utilizza esclusivamente cookie \u201ctecnici\u201d, quali i cookie di navigazione o sessione, quelli di funzionalit\u00e0 e quelli analitici, realizzati ed utilizzati dal gestore del Sito.<\/p>\n<p>Il Codice individuava questi cookie (non soggetti a consenso o notifica preventivi, quest\u2019ultima ora comunque non pi\u00f9 dovuta in regime di Regolamento UE 2016\/679) nei cookie \u201cfinalizzati unicamente ad effettuare la trasmissione di una comunicazione su una rete di comunicazione elettronica, o nella misura strettamente necessaria al fornitore di un servizio della societ\u00e0 dell&#8217;informazione esplicitamente richiesto dal contraente o dall&#8217;utente a erogare tale servizio\u201d (art. 122, comma 1\u00b0).<\/p>\n<p><strong>Cookie di navigazione o sessione<\/strong><\/p>\n<p>Specificatamente, vengono utilizzati cookie di navigazione o sessione, diretti a garantire la normale navigazione e fruizione del sito web, e quindi finalizzati a rendere funzionale ed ottimizzare la stessa navigazione all\u2019interno del sito.<\/p>\n<p><strong>Cookie di parti terze<\/strong><\/p>\n<p><strong>Cookie di analisi di servizi di terze parti \u2013 Cookies di Google Analytics<\/strong><\/p>\n<p>Questi cookie sono utilizzati al fine di raccogliere informazioni sull\u2019uso del Sito da parte degli utenti in\u00a0forma anonima quali: pagine visitate, tempo di permanenza, origini del traffico di provenienza, provenienza geografica, et\u00e0, genere e interessi ai fini di campagne di marketing. Questi cookie sono inviati da domini di terze parti esterni al Sito.<\/p>\n<p>Il sito utilizza il servizio offerto da Google Analytics al fine di avere un servizio completo ed affidabile di statistiche circa l\u2019utilizzo del sito stesso. Al fine di garantire nel modo pi\u00f9 rigoroso possibile la privacy degli utenti, in conformit\u00e0 alle indicazioni date dal Garante privacy, comunichiamo di aver provveduto ad effettuare l\u2019anonimizzazione degli IP (pertanto Google Analytics provveder\u00e0 a rendere anonimo l\u2019indirizzo IP dell\u2019utente\/visitatore non appena ci\u00f2 sar\u00e0 tecnicamente possibile nel passaggio pi\u00f9 a monte della rete in cui avviene la raccolta dei dati).<\/p>\n<p>Inoltre, il gestore del Sito ha provveduto anche a modificare le impostazioni di \u201ccondivisione dei dati\u201d con Google analytics, e pertanto, Google dovr\u00e0 utilizzare i dati personali registrati mediante il servizio solo nei limiti delle istruzioni impartite dallo stesso Gestore del Sito e non condividerli con altri servizi Google.<\/p>\n<p>In ragione di quanto sopra, si informa l\u2019utente che le opzioni pubblicitarie e di condivisione dei dati con Google non sono state attivate e che Google Analytics non \u00e8 stato collegato ad alcun servizio aggiuntivo: il trattamento, pertanto, \u00e8 effettuato per meri fini statistici e, sulla base di quanto esplicitamente previsto dal Garante della Privacy, i cookie di Analytics sono stati equiparati ai cookie tecnici e come tali installati senza il preventivo consenso dell\u2019utente.<\/p>\n<p><strong>Cookie di profilazione<\/strong><\/p>\n<p>Sono i cookie inviati da parti terze, per il tramite del Sito, necessari a creare profili utenti al fine di inviare messaggi pubblicitari, da parte delle stesse parti terze, in linea con le preferenze manifestate dall\u2019utente.<\/p>\n<p>Per esempio, potrebbero essere usati cookie di questo tipo per tracciare le pagine che risultano essere pi\u00f9 popolari, per individuare il metodo di collegamento delle pagine che si riveli pi\u00f9 efficace e per stabilire le cause per le quali alcune pagine ricevono messaggi di errore. Questi cookie non raccolgono informazioni che permettono di identificare un visitatore. Tutti i dati raccolti vengono aggregati e sono resi anonimi. Vengono utilizzati per migliorare il funzionamento del nostro sito Web.<\/p>\n<p><strong>Installazione \/disinstallazione cookie. Opzioni del browser<\/strong><\/p>\n<p>Di seguito le istruzioni relative ai browser pi\u00f9 diffusi.<\/p>\n<p><em>Internet Explorer Microsoft Internet Explorer 6.0, 7.0, 8.0<\/em><\/p>\n<p>Fare clic sull\u2019opzione 'Strumenti&#8217; nella parte superiore della finestra del browser e selezionare 'Opzioni Internet&#8217;, quindi fare clic sulla scheda 'Privacy&#8217;. Assicurarsi che il livello di Privacy sia impostato a Medio o inferiore, che quindi abilita i cookie nel browser. Le impostazioni al di sopra di Medio disabilitano i cookie.<\/p>\n<p><em>Google Chrome (ultima versione)<\/em><\/p>\n<p>Fare clic sull\u2019icona nella parte superiore destra della finestra del browser e selezionare \u2018Impostazioni\u2019. Fare clic su \u2018Mostra impostazioni avanzate\u2019 nella parte inferiore e localizzare la sezione \u2018Privacy\u2019. Fare clic su \u2018Impostazioni contenuto\u2019 e nella sezione dei cookie nella parte superiore, selezionare \u2018consenti impostazione dei dati locali\u2019 per abilitare i cookie. Per disabilitare i cookie selezionare le opzioni \u2018Impedisci ai siti di impostare qualsiasi dato\u2019, \u2018Blocca dati dei siti e cookie di terzi\u2019 e \u2018Cancella cookie e altri dati di siti e plug-in alla chiusura del browser\u2019.<\/p>\n<p><em>Mozilla Firefox<\/em><\/p>\n<p>Fare clic su 'Strumenti&#8217; nella parte superiore della finestra del browser e selezionare Opzioni. Successivamente, selezionare l\u2019icona Privacy nella parte superiore della sovrimpressione che \u00e8 visualizzata. Selezionare l&#8217;opzione 'Accetta i cookie dai siti&#8217; per abilitare i cookie. Se si desidera disabilitare i cookie, rimuovere il segno di spunta dalla casella.<\/p>\n<p><em>Safari<\/em><\/p>\n<p>Fare clic sull&#8217;icona dell&#8217;ingranaggio nella parte superiore destra della finestra del browser e selezionare \u2018Preferenze\u2019. Fare clic sull&#8217;icona \u2018Privacy\u2019 nella parte superiore della sovrimpressione che \u00e8 visualizzata. Selezionare l&#8217;opzione 'Blocca i cookie di terze parti e pubblicitari&#8217;. Se si desidera disabilitare completamente i cookie, selezionare la casella \u2018Mai\u2019.<\/p>\n<p><strong>Come disabilitare i Cookie su smartphone\/tablet<\/strong><\/p>\n<p><em>IOS<\/em><\/p>\n<p>Andare su Impostazioni di iOS (sull\u2019apposita icona che si trova in home screen) e selezionare l\u2019icona di Safari dal menu che si apre. Procedere su Blocca cookie e metti la spunta sull\u2019opzione Blocca sempre per disattivare completamente i cookie. Per attivare la funzione Do Not Track, tornare nel menu Impostazioni &gt; Safari e impostare su ON la levetta relativa alla voce Non rilevare.<\/p>\n<p><em>Android &#8211; Browser Chrome<\/em><\/p>\n<p>Andare su Menu collocato in alto a destra (l\u2019icona con i tre puntini) e selezionare la voce Impostazioni dal menu che compare. Nella pagina che si apre, fare click sulla voce Impostazioni contenuti e rimuovere la spunta dall\u2019opzione Accetta i cookie. Per attivare la funzione Do Not Track, andare su Impostazioni &gt; Privacy, cliccare sul pulsante \u201cNon tenere traccia\u201d e spostare la levetta che si trova in alto a destra su ON.<\/p>\n<p><em>Android &#8211; Browser Firefox<\/em><\/p>\n<p>Andare su Menu, collocato in alto a destra (l\u2019icona con i tre puntini) e selezionare la voce Impostazioni dal menu che compare. Nella pagina che si apre, cliccare su Cookie e mettere la spunta su Disattivati se li si vuole disattivare completamente o su Attivi, esclusi di terze parti se si vuole disabilitarli solo per i siti di terze parti. Per attivare la funzione Do Not Track, cliccare invece sulla voce Tracciamento e scegliere l\u2019opzione Richiedi ai siti di non effettuare alcun tracciamento dal riquadro che si apre.<\/p>\n<p><strong>Link ad altri siti<\/strong><\/p>\n<p>Alcune pagine del Sito possono contenere link ad altri siti web che non sono gestiti dal gestore del Sito che non condivide i dati personali con tali siti.<\/p>\n<p>Il gestore del Sito non \u00e8 responsabile per il contenuto, la sicurezza, o le misure di privacy impiegate da altri siti e declina espressamente tutte le responsabilit\u00e0.<\/p>\n<p>&nbsp;<br \/>\n<script\n\t\ttype=\"text\/javascript\"\n\t\tid=\"CookieDeclaration\"\n\t\tsrc=\"https:\/\/consent.cookiebot.com\/41ec4c78-2d72-4353-8890-e57aea53759f\/cd.js\"\n\t\tdefer><\/script>\n <\/p>\n","protected":false},"excerpt":{"rendered":"<p>&nbsp; Gentile Visitatore, a seguito della consultazione di questo sito web possono essere trattati dati relativi a persone fisiche identificate o identificabili. In riferimento a tale trattamento di dati si rendono, anche ai sensi dell&#8217;art. 13 del Regolamento generale europeo sulla protezione dei dati (Regolamento UE 2016\/679), le seguenti informazioni, la cui validit\u00e0 non \u00e8 [&hellip;]<\/p>\n","protected":false},"author":1,"featured_media":0,"parent":0,"menu_order":0,"comment_status":"closed","ping_status":"closed","template":"","meta":{"_acf_changed":false,"footnotes":""},"tags":[],"class_list":["post-12793","page","type-page","status-publish","hentry"],"acf":[],"_links":{"self":[{"href":"https:\/\/www.stam.it\/pl\/wp-json\/wp\/v2\/pages\/12793","targetHints":{"allow":["GET"]}}],"collection":[{"href":"https:\/\/www.stam.it\/pl\/wp-json\/wp\/v2\/pages"}],"about":[{"href":"https:\/\/www.stam.it\/pl\/wp-json\/wp\/v2\/types\/page"}],"author":[{"embeddable":true,"href":"https:\/\/www.stam.it\/pl\/wp-json\/wp\/v2\/users\/1"}],"replies":[{"embeddable":true,"href":"https:\/\/www.stam.it\/pl\/wp-json\/wp\/v2\/comments?post=12793"}],"version-history":[{"count":0,"href":"https:\/\/www.stam.it\/pl\/wp-json\/wp\/v2\/pages\/12793\/revisions"}],"wp:attachment":[{"href":"https:\/\/www.stam.it\/pl\/wp-json\/wp\/v2\/media?parent=12793"}],"wp:term":[{"taxonomy":"post_tag","embeddable":true,"href":"https:\/\/www.stam.it\/pl\/wp-json\/wp\/v2\/tags?post=12793"}],"curies":[{"name":"wp","href":"https:\/\/api.w.org\/{rel}","templated":true}]}}