{"id":12830,"date":"2018-02-05T17:25:49","date_gmt":"2018-02-05T16:25:49","guid":{"rendered":"https:\/\/www.stam.it\/linee-di-taglio\/linee-processo-coil\/"},"modified":"2025-08-05T15:29:23","modified_gmt":"2025-08-05T13:29:23","slug":"linee-processo-coil","status":"publish","type":"page","link":"https:\/\/www.stam.it\/pl\/linie-do-rozkroju-blachy\/linie-do-obrobki-kregow\/","title":{"rendered":"Linie do obr\u00f3bki kr\u0119g\u00f3w"},"content":{"rendered":"","protected":false},"excerpt":{"rendered":"","protected":false},"author":1,"featured_media":12831,"parent":12790,"menu_order":4,"comment_status":"closed","ping_status":"closed","template":"cutting-line.php","meta":{"_acf_changed":false,"footnotes":""},"tags":[],"class_list":["post-12830","page","type-page","status-publish","has-post-thumbnail","hentry"],"acf":[],"_links":{"self":[{"href":"https:\/\/www.stam.it\/pl\/wp-json\/wp\/v2\/pages\/12830","targetHints":{"allow":["GET"]}}],"collection":[{"href":"https:\/\/www.stam.it\/pl\/wp-json\/wp\/v2\/pages"}],"about":[{"href":"https:\/\/www.stam.it\/pl\/wp-json\/wp\/v2\/types\/page"}],"author":[{"embeddable":true,"href":"https:\/\/www.stam.it\/pl\/wp-json\/wp\/v2\/users\/1"}],"replies":[{"embeddable":true,"href":"https:\/\/www.stam.it\/pl\/wp-json\/wp\/v2\/comments?post=12830"}],"version-history":[{"count":4,"href":"https:\/\/www.stam.it\/pl\/wp-json\/wp\/v2\/pages\/12830\/revisions"}],"predecessor-version":[{"id":13964,"href":"https:\/\/www.stam.it\/pl\/wp-json\/wp\/v2\/pages\/12830\/revisions\/13964"}],"up":[{"embeddable":true,"href":"https:\/\/www.stam.it\/pl\/wp-json\/wp\/v2\/pages\/12790"}],"wp:featuredmedia":[{"embeddable":true,"href":"https:\/\/www.stam.it\/pl\/wp-json\/wp\/v2\/media\/12831"}],"wp:attachment":[{"href":"https:\/\/www.stam.it\/pl\/wp-json\/wp\/v2\/media?parent=12830"}],"wp:term":[{"taxonomy":"post_tag","embeddable":true,"href":"https:\/\/www.stam.it\/pl\/wp-json\/wp\/v2\/tags?post=12830"}],"curies":[{"name":"wp","href":"https:\/\/api.w.org\/{rel}","templated":true}]}}