{"id":12837,"date":"2017-10-12T14:31:10","date_gmt":"2017-10-12T12:31:10","guid":{"rendered":"https:\/\/www.stam.it\/linee-di-taglio\/linee-taglio-trasversale\/"},"modified":"2025-08-05T15:31:26","modified_gmt":"2025-08-05T13:31:26","slug":"linee-taglio-trasversale","status":"publish","type":"page","link":"https:\/\/www.stam.it\/pl\/linie-do-rozkroju-blachy\/linie-do-ciecia-na-formatki\/","title":{"rendered":"Linie do ci\u0119cia na formatki"},"content":{"rendered":"<p>Projektujemy linie do poziomowania i linie do ci\u0119cia na formatki, kt\u00f3re spe\u0142niaj\u0105 potrzeby r\u00f3\u017cnych typ\u00f3w klient\u00f3w<\/p>\n","protected":false},"excerpt":{"rendered":"<p>Projektujemy linie do poziomowania i linie do ci\u0119cia na formatki, kt\u00f3re spe\u0142niaj\u0105 potrzeby r\u00f3\u017cnych typ\u00f3w klient\u00f3w<\/p>\n","protected":false},"author":1,"featured_media":12833,"parent":12790,"menu_order":0,"comment_status":"closed","ping_status":"closed","template":"cutting-line.php","meta":{"_acf_changed":false,"footnotes":""},"tags":[],"class_list":["post-12837","page","type-page","status-publish","has-post-thumbnail","hentry"],"acf":[],"_links":{"self":[{"href":"https:\/\/www.stam.it\/pl\/wp-json\/wp\/v2\/pages\/12837","targetHints":{"allow":["GET"]}}],"collection":[{"href":"https:\/\/www.stam.it\/pl\/wp-json\/wp\/v2\/pages"}],"about":[{"href":"https:\/\/www.stam.it\/pl\/wp-json\/wp\/v2\/types\/page"}],"author":[{"embeddable":true,"href":"https:\/\/www.stam.it\/pl\/wp-json\/wp\/v2\/users\/1"}],"replies":[{"embeddable":true,"href":"https:\/\/www.stam.it\/pl\/wp-json\/wp\/v2\/comments?post=12837"}],"version-history":[{"count":5,"href":"https:\/\/www.stam.it\/pl\/wp-json\/wp\/v2\/pages\/12837\/revisions"}],"predecessor-version":[{"id":13961,"href":"https:\/\/www.stam.it\/pl\/wp-json\/wp\/v2\/pages\/12837\/revisions\/13961"}],"up":[{"embeddable":true,"href":"https:\/\/www.stam.it\/pl\/wp-json\/wp\/v2\/pages\/12790"}],"wp:featuredmedia":[{"embeddable":true,"href":"https:\/\/www.stam.it\/pl\/wp-json\/wp\/v2\/media\/12833"}],"wp:attachment":[{"href":"https:\/\/www.stam.it\/pl\/wp-json\/wp\/v2\/media?parent=12837"}],"wp:term":[{"taxonomy":"post_tag","embeddable":true,"href":"https:\/\/www.stam.it\/pl\/wp-json\/wp\/v2\/tags?post=12837"}],"curies":[{"name":"wp","href":"https:\/\/api.w.org\/{rel}","templated":true}]}}