{"id":12847,"date":"2017-11-03T16:36:08","date_gmt":"2017-11-03T15:36:08","guid":{"rendered":"https:\/\/www.stam.it\/linee-profilatura\/automotive\/linee-longheroni-camion\/"},"modified":"2025-08-05T16:36:55","modified_gmt":"2025-08-05T14:36:55","slug":"linee-longheroni-camion","status":"publish","type":"page","link":"https:\/\/www.stam.it\/pl\/linie-rolkowego-belek-do-samochodow-ciezarowych\/","title":{"rendered":"Linie do profilowania rolkowego belek do samochod\u00f3w ci\u0119\u017carowych"},"content":{"rendered":"","protected":false},"excerpt":{"rendered":"","protected":false},"author":1,"featured_media":12848,"parent":12812,"menu_order":10,"comment_status":"closed","ping_status":"closed","template":"product_rail.php","meta":{"_acf_changed":false,"footnotes":""},"tags":[],"class_list":["post-12847","page","type-page","status-publish","has-post-thumbnail","hentry"],"acf":[],"_links":{"self":[{"href":"https:\/\/www.stam.it\/pl\/wp-json\/wp\/v2\/pages\/12847","targetHints":{"allow":["GET"]}}],"collection":[{"href":"https:\/\/www.stam.it\/pl\/wp-json\/wp\/v2\/pages"}],"about":[{"href":"https:\/\/www.stam.it\/pl\/wp-json\/wp\/v2\/types\/page"}],"author":[{"embeddable":true,"href":"https:\/\/www.stam.it\/pl\/wp-json\/wp\/v2\/users\/1"}],"replies":[{"embeddable":true,"href":"https:\/\/www.stam.it\/pl\/wp-json\/wp\/v2\/comments?post=12847"}],"version-history":[{"count":3,"href":"https:\/\/www.stam.it\/pl\/wp-json\/wp\/v2\/pages\/12847\/revisions"}],"predecessor-version":[{"id":13301,"href":"https:\/\/www.stam.it\/pl\/wp-json\/wp\/v2\/pages\/12847\/revisions\/13301"}],"up":[{"embeddable":true,"href":"https:\/\/www.stam.it\/pl\/wp-json\/wp\/v2\/pages\/12812"}],"wp:featuredmedia":[{"embeddable":true,"href":"https:\/\/www.stam.it\/pl\/wp-json\/wp\/v2\/media\/12848"}],"wp:attachment":[{"href":"https:\/\/www.stam.it\/pl\/wp-json\/wp\/v2\/media?parent=12847"}],"wp:term":[{"taxonomy":"post_tag","embeddable":true,"href":"https:\/\/www.stam.it\/pl\/wp-json\/wp\/v2\/tags?post=12847"}],"curies":[{"name":"wp","href":"https:\/\/api.w.org\/{rel}","templated":true}]}}