{"id":12913,"date":"2017-11-03T16:25:48","date_gmt":"2017-11-03T15:25:48","guid":{"rendered":"https:\/\/www.stam.it\/linee-profilatura\/infrastrutture\/profilatrici-pannelli-fonoassorbenti\/"},"modified":"2025-08-05T16:32:18","modified_gmt":"2025-08-05T14:32:18","slug":"profilatrici-pannelli-fonoassorbenti","status":"publish","type":"page","link":"https:\/\/www.stam.it\/pl\/linie-do-profilowania\/infrastruktura\/paneli-dzwiekochlonnych\/","title":{"rendered":"Linie do profilowania rolkowego paneli d\u017awi\u0119koch\u0142onnych"},"content":{"rendered":"","protected":false},"excerpt":{"rendered":"","protected":false},"author":1,"featured_media":12915,"parent":12813,"menu_order":40,"comment_status":"closed","ping_status":"closed","template":"product_rail.php","meta":{"_acf_changed":false,"footnotes":""},"tags":[],"class_list":["post-12913","page","type-page","status-publish","has-post-thumbnail","hentry"],"acf":[],"_links":{"self":[{"href":"https:\/\/www.stam.it\/pl\/wp-json\/wp\/v2\/pages\/12913","targetHints":{"allow":["GET"]}}],"collection":[{"href":"https:\/\/www.stam.it\/pl\/wp-json\/wp\/v2\/pages"}],"about":[{"href":"https:\/\/www.stam.it\/pl\/wp-json\/wp\/v2\/types\/page"}],"author":[{"embeddable":true,"href":"https:\/\/www.stam.it\/pl\/wp-json\/wp\/v2\/users\/1"}],"replies":[{"embeddable":true,"href":"https:\/\/www.stam.it\/pl\/wp-json\/wp\/v2\/comments?post=12913"}],"version-history":[{"count":3,"href":"https:\/\/www.stam.it\/pl\/wp-json\/wp\/v2\/pages\/12913\/revisions"}],"predecessor-version":[{"id":13428,"href":"https:\/\/www.stam.it\/pl\/wp-json\/wp\/v2\/pages\/12913\/revisions\/13428"}],"up":[{"embeddable":true,"href":"https:\/\/www.stam.it\/pl\/wp-json\/wp\/v2\/pages\/12813"}],"wp:featuredmedia":[{"embeddable":true,"href":"https:\/\/www.stam.it\/pl\/wp-json\/wp\/v2\/media\/12915"}],"wp:attachment":[{"href":"https:\/\/www.stam.it\/pl\/wp-json\/wp\/v2\/media?parent=12913"}],"wp:term":[{"taxonomy":"post_tag","embeddable":true,"href":"https:\/\/www.stam.it\/pl\/wp-json\/wp\/v2\/tags?post=12913"}],"curies":[{"name":"wp","href":"https:\/\/api.w.org\/{rel}","templated":true}]}}