{"id":12949,"date":"2018-02-05T17:32:51","date_gmt":"2018-02-05T16:32:51","guid":{"rendered":"https:\/\/www.stam.it\/linee-di-taglio\/linee-processo-coil\/linee-produzione-imballaggio-sottobobine\/"},"modified":"2025-08-05T16:05:41","modified_gmt":"2025-08-05T14:05:41","slug":"linee-produzione-imballaggio-sottobobine","status":"publish","type":"page","link":"https:\/\/www.stam.it\/pl\/linie-do-rozkroju-blachy\/linie-do-obrobki-kregow\/linia-przewijania-produkcja-malych-kregow\/","title":{"rendered":"Linia przewijania i produkcja ma\u0142ych kr\u0119g\u00f3w"},"content":{"rendered":"<p>Forniamo linee di spianatura e linee di taglio trasversale, in grado di soddisfare le esigenze di diverse tipologie di clienti.<\/p>\n","protected":false},"excerpt":{"rendered":"<p>Forniamo linee di spianatura e linee di taglio trasversale, in grado di soddisfare le esigenze di diverse tipologie di clienti.<\/p>\n","protected":false},"author":1,"featured_media":12950,"parent":12830,"menu_order":2,"comment_status":"closed","ping_status":"closed","template":"product_cut.php","meta":{"_acf_changed":false,"footnotes":""},"tags":[],"class_list":["post-12949","page","type-page","status-publish","has-post-thumbnail","hentry"],"acf":[],"_links":{"self":[{"href":"https:\/\/www.stam.it\/pl\/wp-json\/wp\/v2\/pages\/12949","targetHints":{"allow":["GET"]}}],"collection":[{"href":"https:\/\/www.stam.it\/pl\/wp-json\/wp\/v2\/pages"}],"about":[{"href":"https:\/\/www.stam.it\/pl\/wp-json\/wp\/v2\/types\/page"}],"author":[{"embeddable":true,"href":"https:\/\/www.stam.it\/pl\/wp-json\/wp\/v2\/users\/1"}],"replies":[{"embeddable":true,"href":"https:\/\/www.stam.it\/pl\/wp-json\/wp\/v2\/comments?post=12949"}],"version-history":[{"count":3,"href":"https:\/\/www.stam.it\/pl\/wp-json\/wp\/v2\/pages\/12949\/revisions"}],"predecessor-version":[{"id":13571,"href":"https:\/\/www.stam.it\/pl\/wp-json\/wp\/v2\/pages\/12949\/revisions\/13571"}],"up":[{"embeddable":true,"href":"https:\/\/www.stam.it\/pl\/wp-json\/wp\/v2\/pages\/12830"}],"wp:featuredmedia":[{"embeddable":true,"href":"https:\/\/www.stam.it\/pl\/wp-json\/wp\/v2\/media\/12950"}],"wp:attachment":[{"href":"https:\/\/www.stam.it\/pl\/wp-json\/wp\/v2\/media?parent=12949"}],"wp:term":[{"taxonomy":"post_tag","embeddable":true,"href":"https:\/\/www.stam.it\/pl\/wp-json\/wp\/v2\/tags?post=12949"}],"curies":[{"name":"wp","href":"https:\/\/api.w.org\/{rel}","templated":true}]}}