{"id":12957,"date":"2017-12-05T09:39:12","date_gmt":"2017-12-05T08:39:12","guid":{"rendered":"https:\/\/www.stam.it\/linee-di-taglio\/linee-taglio-longitudinale\/linee-taglio-longitudinale-spessore-elevato\/"},"modified":"2025-08-05T15:59:39","modified_gmt":"2025-08-05T13:59:39","slug":"linee-taglio-longitudinale-spessore-elevato","status":"publish","type":"page","link":"https:\/\/www.stam.it\/pl\/linie-do-rozkroju-blachy\/linie-do-ciecia-wzdluznego\/linie-do-ciecia-wzdluznego-dla-blach-grubych\/","title":{"rendered":"Linie do ci\u0119cia wzd\u0142u\u017cnego dla blach grubych"},"content":{"rendered":"<p>Forniamo linee di spianatura e linee di taglio trasversale, in grado di soddisfare le esigenze di diverse tipologie di clienti.<\/p>\n","protected":false},"excerpt":{"rendered":"<p>Forniamo linee di spianatura e linee di taglio trasversale, in grado di soddisfare le esigenze di diverse tipologie di clienti.<\/p>\n","protected":false},"author":1,"featured_media":12958,"parent":12835,"menu_order":3,"comment_status":"closed","ping_status":"closed","template":"product_cut.php","meta":{"_acf_changed":false,"footnotes":""},"tags":[],"class_list":["post-12957","page","type-page","status-publish","has-post-thumbnail","hentry"],"acf":[],"_links":{"self":[{"href":"https:\/\/www.stam.it\/pl\/wp-json\/wp\/v2\/pages\/12957","targetHints":{"allow":["GET"]}}],"collection":[{"href":"https:\/\/www.stam.it\/pl\/wp-json\/wp\/v2\/pages"}],"about":[{"href":"https:\/\/www.stam.it\/pl\/wp-json\/wp\/v2\/types\/page"}],"author":[{"embeddable":true,"href":"https:\/\/www.stam.it\/pl\/wp-json\/wp\/v2\/users\/1"}],"replies":[{"embeddable":true,"href":"https:\/\/www.stam.it\/pl\/wp-json\/wp\/v2\/comments?post=12957"}],"version-history":[{"count":3,"href":"https:\/\/www.stam.it\/pl\/wp-json\/wp\/v2\/pages\/12957\/revisions"}],"predecessor-version":[{"id":13591,"href":"https:\/\/www.stam.it\/pl\/wp-json\/wp\/v2\/pages\/12957\/revisions\/13591"}],"up":[{"embeddable":true,"href":"https:\/\/www.stam.it\/pl\/wp-json\/wp\/v2\/pages\/12835"}],"wp:featuredmedia":[{"embeddable":true,"href":"https:\/\/www.stam.it\/pl\/wp-json\/wp\/v2\/media\/12958"}],"wp:attachment":[{"href":"https:\/\/www.stam.it\/pl\/wp-json\/wp\/v2\/media?parent=12957"}],"wp:term":[{"taxonomy":"post_tag","embeddable":true,"href":"https:\/\/www.stam.it\/pl\/wp-json\/wp\/v2\/tags?post=12957"}],"curies":[{"name":"wp","href":"https:\/\/api.w.org\/{rel}","templated":true}]}}