{"id":2343,"date":"2018-05-09T10:07:45","date_gmt":"2018-05-09T08:07:45","guid":{"rendered":"https:\/\/www.stam.it\/errore-404\/"},"modified":"2018-06-04T14:45:13","modified_gmt":"2018-06-04T12:45:13","slug":"errore-404","status":"publish","type":"page","link":"https:\/\/www.stam.it\/pt-br\/errore-404\/","title":{"rendered":"A p\u00e1gina que procurava n\u00e3o est\u00e1 dispon\u00edvel"},"content":{"rendered":"<p>Verificou-se um erro, verifique o URL inserido ou p\u00e1gina n\u00e3o existente.<\/p>\n<p>Consulte o nosso cat\u00e1logo de linhas de produtos:<\/p>\n<p><a href=\"https:\/\/www.stam.it\/pt-br\/linhas-de-perfilagem\/\">Linhas de Perfilamento<\/a><\/p>\n<p><a href=\"https:\/\/www.stam.it\/pt-br\/linhas-de-corte\/\">Linhas de Corte\u00a0<\/a><\/p>\n<p>Ou descubra mais sobre<a href=\"https:\/\/www.stam.it\/pt-br\/empresa-pt\/\"> STAM<\/a> e sobre a nossa <a href=\"https:\/\/www.stam.it\/pt-br\/equipe-comercial\/\">rede de vendas<\/a>.<\/p>\n<p>Se desejar obter alguma informa\u00e7\u00e3o em especial, escreva-nos ou preencha o formul\u00e1rio na p\u00e1gina <a href=\"https:\/\/www.stam.it\/pt-br\/contactos\/\">Contactos<\/a>.<\/p>\n<p>&nbsp;<\/p>\n","protected":false},"excerpt":{"rendered":"<p>Verificou-se um erro, verifique o URL inserido ou p\u00e1gina n\u00e3o existente. Consulte o nosso cat\u00e1logo de linhas de produtos: Linhas de Perfilamento Linhas de Corte\u00a0 Ou descubra mais sobre STAM e sobre a nossa rede de vendas. Se desejar obter alguma informa\u00e7\u00e3o em especial, escreva-nos ou preencha o formul\u00e1rio na p\u00e1gina Contactos. &nbsp;<\/p>\n","protected":false},"author":1,"featured_media":0,"parent":0,"menu_order":0,"comment_status":"closed","ping_status":"closed","template":"","meta":{"_acf_changed":false,"footnotes":""},"tags":[],"class_list":["post-2343","page","type-page","status-publish","hentry"],"acf":[],"_links":{"self":[{"href":"https:\/\/www.stam.it\/pt-br\/wp-json\/wp\/v2\/pages\/2343","targetHints":{"allow":["GET"]}}],"collection":[{"href":"https:\/\/www.stam.it\/pt-br\/wp-json\/wp\/v2\/pages"}],"about":[{"href":"https:\/\/www.stam.it\/pt-br\/wp-json\/wp\/v2\/types\/page"}],"author":[{"embeddable":true,"href":"https:\/\/www.stam.it\/pt-br\/wp-json\/wp\/v2\/users\/1"}],"replies":[{"embeddable":true,"href":"https:\/\/www.stam.it\/pt-br\/wp-json\/wp\/v2\/comments?post=2343"}],"version-history":[{"count":5,"href":"https:\/\/www.stam.it\/pt-br\/wp-json\/wp\/v2\/pages\/2343\/revisions"}],"predecessor-version":[{"id":3759,"href":"https:\/\/www.stam.it\/pt-br\/wp-json\/wp\/v2\/pages\/2343\/revisions\/3759"}],"wp:attachment":[{"href":"https:\/\/www.stam.it\/pt-br\/wp-json\/wp\/v2\/media?parent=2343"}],"wp:term":[{"taxonomy":"post_tag","embeddable":true,"href":"https:\/\/www.stam.it\/pt-br\/wp-json\/wp\/v2\/tags?post=2343"}],"curies":[{"name":"wp","href":"https:\/\/api.w.org\/{rel}","templated":true}]}}