{"id":2378,"date":"2017-11-03T16:40:17","date_gmt":"2017-11-03T15:40:17","guid":{"rendered":"https:\/\/www.stam.it\/linee-profilatura\/automotive\/produzione-profili-sezione-variabile\/"},"modified":"2025-02-13T14:33:17","modified_gmt":"2025-02-13T13:33:17","slug":"linhas-para-perfis-de-secao-variavel","status":"publish","type":"page","link":"https:\/\/www.stam.it\/pt-br\/linhas-para-perfis-de-secao-variavel\/","title":{"rendered":"Linhas para perfis de se\u00e7\u00e3o vari\u00e1vel"},"content":{"rendered":"","protected":false},"excerpt":{"rendered":"","protected":false},"author":1,"featured_media":4986,"parent":2355,"menu_order":40,"comment_status":"closed","ping_status":"closed","template":"product_rail.php","meta":{"_acf_changed":false,"footnotes":""},"tags":[],"class_list":["post-2378","page","type-page","status-publish","has-post-thumbnail","hentry"],"acf":[],"_links":{"self":[{"href":"https:\/\/www.stam.it\/pt-br\/wp-json\/wp\/v2\/pages\/2378","targetHints":{"allow":["GET"]}}],"collection":[{"href":"https:\/\/www.stam.it\/pt-br\/wp-json\/wp\/v2\/pages"}],"about":[{"href":"https:\/\/www.stam.it\/pt-br\/wp-json\/wp\/v2\/types\/page"}],"author":[{"embeddable":true,"href":"https:\/\/www.stam.it\/pt-br\/wp-json\/wp\/v2\/users\/1"}],"replies":[{"embeddable":true,"href":"https:\/\/www.stam.it\/pt-br\/wp-json\/wp\/v2\/comments?post=2378"}],"version-history":[{"count":6,"href":"https:\/\/www.stam.it\/pt-br\/wp-json\/wp\/v2\/pages\/2378\/revisions"}],"predecessor-version":[{"id":14002,"href":"https:\/\/www.stam.it\/pt-br\/wp-json\/wp\/v2\/pages\/2378\/revisions\/14002"}],"up":[{"embeddable":true,"href":"https:\/\/www.stam.it\/pt-br\/wp-json\/wp\/v2\/pages\/2355"}],"wp:featuredmedia":[{"embeddable":true,"href":"https:\/\/www.stam.it\/pt-br\/wp-json\/wp\/v2\/media\/4986"}],"wp:attachment":[{"href":"https:\/\/www.stam.it\/pt-br\/wp-json\/wp\/v2\/media?parent=2378"}],"wp:term":[{"taxonomy":"post_tag","embeddable":true,"href":"https:\/\/www.stam.it\/pt-br\/wp-json\/wp\/v2\/tags?post=2378"}],"curies":[{"name":"wp","href":"https:\/\/api.w.org\/{rel}","templated":true}]}}