{"id":2474,"date":"2017-11-03T16:25:48","date_gmt":"2017-11-03T15:25:48","guid":{"rendered":"https:\/\/www.stam.it\/linee-profilatura\/infrastrutture\/profilatrici-pannelli-fonoassorbenti\/"},"modified":"2023-07-11T15:14:23","modified_gmt":"2023-07-11T13:14:23","slug":"perfilagem-para-paineis-de-absorcao-acustica","status":"publish","type":"page","link":"https:\/\/www.stam.it\/pt-br\/perfilagem-para-paineis-de-absorcao-acustica\/","title":{"rendered":"Perfilagem para pain\u00e9is de absor\u00e7\u00e3o ac\u00fastica"},"content":{"rendered":"","protected":false},"excerpt":{"rendered":"","protected":false},"author":1,"featured_media":1561,"parent":2450,"menu_order":40,"comment_status":"closed","ping_status":"closed","template":"product_rail.php","meta":{"_acf_changed":false,"footnotes":""},"tags":[],"class_list":["post-2474","page","type-page","status-publish","has-post-thumbnail","hentry"],"acf":[],"_links":{"self":[{"href":"https:\/\/www.stam.it\/pt-br\/wp-json\/wp\/v2\/pages\/2474","targetHints":{"allow":["GET"]}}],"collection":[{"href":"https:\/\/www.stam.it\/pt-br\/wp-json\/wp\/v2\/pages"}],"about":[{"href":"https:\/\/www.stam.it\/pt-br\/wp-json\/wp\/v2\/types\/page"}],"author":[{"embeddable":true,"href":"https:\/\/www.stam.it\/pt-br\/wp-json\/wp\/v2\/users\/1"}],"replies":[{"embeddable":true,"href":"https:\/\/www.stam.it\/pt-br\/wp-json\/wp\/v2\/comments?post=2474"}],"version-history":[{"count":3,"href":"https:\/\/www.stam.it\/pt-br\/wp-json\/wp\/v2\/pages\/2474\/revisions"}],"predecessor-version":[{"id":4308,"href":"https:\/\/www.stam.it\/pt-br\/wp-json\/wp\/v2\/pages\/2474\/revisions\/4308"}],"up":[{"embeddable":true,"href":"https:\/\/www.stam.it\/pt-br\/wp-json\/wp\/v2\/pages\/2450"}],"wp:featuredmedia":[{"embeddable":true,"href":"https:\/\/www.stam.it\/pt-br\/wp-json\/wp\/v2\/media\/1561"}],"wp:attachment":[{"href":"https:\/\/www.stam.it\/pt-br\/wp-json\/wp\/v2\/media?parent=2474"}],"wp:term":[{"taxonomy":"post_tag","embeddable":true,"href":"https:\/\/www.stam.it\/pt-br\/wp-json\/wp\/v2\/tags?post=2474"}],"curies":[{"name":"wp","href":"https:\/\/api.w.org\/{rel}","templated":true}]}}