{"id":2504,"date":"2017-11-03T12:53:46","date_gmt":"2017-11-03T11:53:46","guid":{"rendered":"https:\/\/www.stam.it\/linee-profilatura\/logistica\/linee-produzione-ripiani-metallici\/"},"modified":"2023-07-11T15:34:52","modified_gmt":"2023-07-11T13:34:52","slug":"linhas-de-producao-para-prateleiras-metalicas","status":"publish","type":"page","link":"https:\/\/www.stam.it\/pt-br\/linhas-de-producao-para-prateleiras-metalicas\/","title":{"rendered":"Linhas de produ\u00e7\u00e3o para prateleiras met\u00e1licas"},"content":{"rendered":"","protected":false},"excerpt":{"rendered":"","protected":false},"author":1,"featured_media":7193,"parent":2486,"menu_order":30,"comment_status":"closed","ping_status":"closed","template":"product_rail.php","meta":{"_acf_changed":false,"footnotes":""},"tags":[],"class_list":["post-2504","page","type-page","status-publish","has-post-thumbnail","hentry"],"acf":[],"_links":{"self":[{"href":"https:\/\/www.stam.it\/pt-br\/wp-json\/wp\/v2\/pages\/2504","targetHints":{"allow":["GET"]}}],"collection":[{"href":"https:\/\/www.stam.it\/pt-br\/wp-json\/wp\/v2\/pages"}],"about":[{"href":"https:\/\/www.stam.it\/pt-br\/wp-json\/wp\/v2\/types\/page"}],"author":[{"embeddable":true,"href":"https:\/\/www.stam.it\/pt-br\/wp-json\/wp\/v2\/users\/1"}],"replies":[{"embeddable":true,"href":"https:\/\/www.stam.it\/pt-br\/wp-json\/wp\/v2\/comments?post=2504"}],"version-history":[{"count":4,"href":"https:\/\/www.stam.it\/pt-br\/wp-json\/wp\/v2\/pages\/2504\/revisions"}],"predecessor-version":[{"id":4432,"href":"https:\/\/www.stam.it\/pt-br\/wp-json\/wp\/v2\/pages\/2504\/revisions\/4432"}],"up":[{"embeddable":true,"href":"https:\/\/www.stam.it\/pt-br\/wp-json\/wp\/v2\/pages\/2486"}],"wp:featuredmedia":[{"embeddable":true,"href":"https:\/\/www.stam.it\/pt-br\/wp-json\/wp\/v2\/media\/7193"}],"wp:attachment":[{"href":"https:\/\/www.stam.it\/pt-br\/wp-json\/wp\/v2\/media?parent=2504"}],"wp:term":[{"taxonomy":"post_tag","embeddable":true,"href":"https:\/\/www.stam.it\/pt-br\/wp-json\/wp\/v2\/tags?post=2504"}],"curies":[{"name":"wp","href":"https:\/\/api.w.org\/{rel}","templated":true}]}}