{"id":2510,"date":"2017-11-03T12:55:45","date_gmt":"2017-11-03T11:55:45","guid":{"rendered":"https:\/\/www.stam.it\/linee-profilatura\/logistica\/linee-produzione-pannelli-armadi-metallici\/"},"modified":"2023-07-11T15:32:23","modified_gmt":"2023-07-11T13:32:23","slug":"linhas-de-producao-para-paineis-para-armarios-metalicos","status":"publish","type":"page","link":"https:\/\/www.stam.it\/pt-br\/linhas-de-producao-para-paineis-para-armarios-metalicos\/","title":{"rendered":"Linhas de produ\u00e7\u00e3o para pain\u00e9is para arm\u00e1rios met\u00e1licos"},"content":{"rendered":"","protected":false},"excerpt":{"rendered":"","protected":false},"author":1,"featured_media":8796,"parent":2486,"menu_order":40,"comment_status":"closed","ping_status":"closed","template":"product_rail.php","meta":{"_acf_changed":false,"footnotes":""},"tags":[],"class_list":["post-2510","page","type-page","status-publish","has-post-thumbnail","hentry"],"acf":[],"_links":{"self":[{"href":"https:\/\/www.stam.it\/pt-br\/wp-json\/wp\/v2\/pages\/2510","targetHints":{"allow":["GET"]}}],"collection":[{"href":"https:\/\/www.stam.it\/pt-br\/wp-json\/wp\/v2\/pages"}],"about":[{"href":"https:\/\/www.stam.it\/pt-br\/wp-json\/wp\/v2\/types\/page"}],"author":[{"embeddable":true,"href":"https:\/\/www.stam.it\/pt-br\/wp-json\/wp\/v2\/users\/1"}],"replies":[{"embeddable":true,"href":"https:\/\/www.stam.it\/pt-br\/wp-json\/wp\/v2\/comments?post=2510"}],"version-history":[{"count":5,"href":"https:\/\/www.stam.it\/pt-br\/wp-json\/wp\/v2\/pages\/2510\/revisions"}],"predecessor-version":[{"id":4436,"href":"https:\/\/www.stam.it\/pt-br\/wp-json\/wp\/v2\/pages\/2510\/revisions\/4436"}],"up":[{"embeddable":true,"href":"https:\/\/www.stam.it\/pt-br\/wp-json\/wp\/v2\/pages\/2486"}],"wp:featuredmedia":[{"embeddable":true,"href":"https:\/\/www.stam.it\/pt-br\/wp-json\/wp\/v2\/media\/8796"}],"wp:attachment":[{"href":"https:\/\/www.stam.it\/pt-br\/wp-json\/wp\/v2\/media?parent=2510"}],"wp:term":[{"taxonomy":"post_tag","embeddable":true,"href":"https:\/\/www.stam.it\/pt-br\/wp-json\/wp\/v2\/tags?post=2510"}],"curies":[{"name":"wp","href":"https:\/\/api.w.org\/{rel}","templated":true}]}}