{"id":2540,"date":"2018-04-24T17:22:31","date_gmt":"2018-04-24T15:22:31","guid":{"rendered":"https:\/\/www.stam.it\/linee-profilatura\/costruzioni\/1890-2\/"},"modified":"2025-02-13T14:04:54","modified_gmt":"2025-02-13T13:04:54","slug":"linhas-para-perfis-de-secao-variavel","status":"publish","type":"page","link":"https:\/\/www.stam.it\/pt-br\/linhas-de-perfilagem-para-perfis-de-secao-variavel\/","title":{"rendered":"Linhas de perfilagem para perfis de se\u00e7\u00e3o vari\u00e1vel"},"content":{"rendered":"","protected":false},"excerpt":{"rendered":"","protected":false},"author":1,"featured_media":1894,"parent":2534,"menu_order":0,"comment_status":"closed","ping_status":"closed","template":"product_rail.php","meta":{"_acf_changed":false,"footnotes":""},"tags":[],"class_list":["post-2540","page","type-page","status-publish","has-post-thumbnail","hentry"],"acf":[],"_links":{"self":[{"href":"https:\/\/www.stam.it\/pt-br\/wp-json\/wp\/v2\/pages\/2540","targetHints":{"allow":["GET"]}}],"collection":[{"href":"https:\/\/www.stam.it\/pt-br\/wp-json\/wp\/v2\/pages"}],"about":[{"href":"https:\/\/www.stam.it\/pt-br\/wp-json\/wp\/v2\/types\/page"}],"author":[{"embeddable":true,"href":"https:\/\/www.stam.it\/pt-br\/wp-json\/wp\/v2\/users\/1"}],"replies":[{"embeddable":true,"href":"https:\/\/www.stam.it\/pt-br\/wp-json\/wp\/v2\/comments?post=2540"}],"version-history":[{"count":5,"href":"https:\/\/www.stam.it\/pt-br\/wp-json\/wp\/v2\/pages\/2540\/revisions"}],"predecessor-version":[{"id":13993,"href":"https:\/\/www.stam.it\/pt-br\/wp-json\/wp\/v2\/pages\/2540\/revisions\/13993"}],"up":[{"embeddable":true,"href":"https:\/\/www.stam.it\/pt-br\/wp-json\/wp\/v2\/pages\/2534"}],"wp:featuredmedia":[{"embeddable":true,"href":"https:\/\/www.stam.it\/pt-br\/wp-json\/wp\/v2\/media\/1894"}],"wp:attachment":[{"href":"https:\/\/www.stam.it\/pt-br\/wp-json\/wp\/v2\/media?parent=2540"}],"wp:term":[{"taxonomy":"post_tag","embeddable":true,"href":"https:\/\/www.stam.it\/pt-br\/wp-json\/wp\/v2\/tags?post=2540"}],"curies":[{"name":"wp","href":"https:\/\/api.w.org\/{rel}","templated":true}]}}